{"id":215,"date":"2025-07-28T16:48:58","date_gmt":"2025-07-28T14:48:58","guid":{"rendered":"https:\/\/test.dawidkumar.pl\/?page_id=215"},"modified":"2025-07-29T19:25:14","modified_gmt":"2025-07-29T17:25:14","slug":"galeria","status":"publish","type":"page","link":"https:\/\/test.dawidkumar.pl\/?page_id=215","title":{"rendered":"Galeria"},"content":{"rendered":"\t\t<div data-elementor-type=\"wp-page\" data-elementor-id=\"215\" class=\"elementor elementor-215\">\n\t\t\t\t<div class=\"elementor-element elementor-element-f898ebd e-con-full e-flex e-con e-parent\" data-id=\"f898ebd\" data-element_type=\"container\" data-e-type=\"container\" data-settings=\"{&quot;background_background&quot;:&quot;classic&quot;}\">\n\t\t\t\t<div class=\"elementor-element elementor-element-6098d06 elementor-widget elementor-widget-heading\" data-id=\"6098d06\" data-element_type=\"widget\" data-e-type=\"widget\" data-widget_type=\"heading.default\">\n\t\t\t\t\t<h3 class=\"elementor-heading-title elementor-size-default\">Galeria<\/h3>\t\t\t\t<\/div>\n\t\t\t\t<div class=\"elementor-element elementor-element-7ea7dfc elementor-widget elementor-widget-heading\" data-id=\"7ea7dfc\" data-element_type=\"widget\" data-e-type=\"widget\" data-widget_type=\"heading.default\">\n\t\t\t\t\t<h2 class=\"elementor-heading-title elementor-size-default\">Zobacz Galerie Realizacji\n<\/h2>\t\t\t\t<\/div>\n\t\t\t\t<div class=\"elementor-element elementor-element-8c9cff2 elementor-widget-divider--view-line elementor-widget elementor-widget-divider\" data-id=\"8c9cff2\" data-element_type=\"widget\" data-e-type=\"widget\" data-widget_type=\"divider.default\">\n\t\t\t\t\t\t\t<div class=\"elementor-divider\">\n\t\t\t<span class=\"elementor-divider-separator\">\n\t\t\t\t\t\t<\/span>\n\t\t<\/div>\n\t\t\t\t\t\t<\/div>\n\t\t\t\t<div class=\"elementor-element elementor-element-cec3e47 elementor-widget elementor-widget-text-editor\" data-id=\"cec3e47\" data-element_type=\"widget\" data-e-type=\"widget\" data-widget_type=\"text-editor.default\">\n\t\t\t\t\t\t\t\t\t\nJe\u015bli szukasz wyj\u0105tkowych i naturalnych zdj\u0119\u0107 \u015blubnych, to jeste\u015b we w\u0142a\u015bciwym miejscu.\n\nZapraszam do zapoznania si\u0119 z moj\u0105 ofert\u0105 fotografii \u015blubnej, a tak\u017ce moj\u0105 stron\u0105 internetow\u0105, na kt\u00f3rej znajdziesz przyk\u0142ady moich prac oraz filmy prezentuj\u0105ce moje umiej\u0119tno\u015bci.\t\t\t\t\t\t\t\t<\/div>\n\t\t\t\t<\/div>\n\t\t<div class=\"elementor-element elementor-element-25cf14c e-flex e-con-boxed e-con e-parent\" data-id=\"25cf14c\" data-element_type=\"container\" data-e-type=\"container\">\n\t\t\t\t\t<div class=\"e-con-inner\">\n\t\t\t\t<div class=\"elementor-element elementor-element-3cce418 elementor-widget__width-inherit elementor-widget elementor-widget-image-gallery\" data-id=\"3cce418\" data-element_type=\"widget\" data-e-type=\"widget\" data-widget_type=\"image-gallery.default\">\n\t\t\t\t\t\t\t<div class=\"elementor-image-gallery\">\n\t\t\t<div id='gallery-1' class='gallery galleryid-215 gallery-columns-3 gallery-size-full'><figure class='gallery-item'>\n\t\t\t<div class='gallery-icon landscape'>\n\t\t\t\t<a data-elementor-open-lightbox=\"yes\" data-elementor-lightbox-slideshow=\"3cce418\" data-elementor-lightbox-title=\"plener_0032\" data-e-action-hash=\"#elementor-action%3Aaction%3Dlightbox%26settings%3DeyJpZCI6NjYsInVybCI6Imh0dHBzOlwvXC90ZXN0LmRhd2lka3VtYXIucGxcL3dwLWNvbnRlbnRcL3VwbG9hZHNcLzIwMjVcLzA3XC9wbGVuZXJfMDAzMi5qcGciLCJzbGlkZXNob3ciOiIzY2NlNDE4In0%3D\" href='https:\/\/test.dawidkumar.pl\/wp-content\/uploads\/2025\/07\/plener_0032.jpg'><img fetchpriority=\"high\" decoding=\"async\" width=\"2000\" height=\"1335\" src=\"https:\/\/test.dawidkumar.pl\/wp-content\/uploads\/2025\/07\/plener_0032.jpg\" class=\"attachment-full size-full\" alt=\"\" srcset=\"https:\/\/test.dawidkumar.pl\/wp-content\/uploads\/2025\/07\/plener_0032.jpg 2000w, https:\/\/test.dawidkumar.pl\/wp-content\/uploads\/2025\/07\/plener_0032-300x200.jpg 300w, https:\/\/test.dawidkumar.pl\/wp-content\/uploads\/2025\/07\/plener_0032-1024x684.jpg 1024w, https:\/\/test.dawidkumar.pl\/wp-content\/uploads\/2025\/07\/plener_0032-768x513.jpg 768w, https:\/\/test.dawidkumar.pl\/wp-content\/uploads\/2025\/07\/plener_0032-1536x1025.jpg 1536w\" sizes=\"(max-width: 2000px) 100vw, 2000px\" \/><\/a>\n\t\t\t<\/div><\/figure><figure class='gallery-item'>\n\t\t\t<div class='gallery-icon landscape'>\n\t\t\t\t<a data-elementor-open-lightbox=\"yes\" data-elementor-lightbox-slideshow=\"3cce418\" data-elementor-lightbox-title=\"lead-mini-4-2\" data-e-action-hash=\"#elementor-action%3Aaction%3Dlightbox%26settings%3DeyJpZCI6ODgsInVybCI6Imh0dHBzOlwvXC90ZXN0LmRhd2lka3VtYXIucGxcL3dwLWNvbnRlbnRcL3VwbG9hZHNcLzIwMjVcLzA3XC9sZWFkLW1pbmktNC0yLmpwZyIsInNsaWRlc2hvdyI6IjNjY2U0MTgifQ%3D%3D\" href='https:\/\/test.dawidkumar.pl\/wp-content\/uploads\/2025\/07\/lead-mini-4-2.jpg'><img decoding=\"async\" width=\"480\" height=\"480\" src=\"https:\/\/test.dawidkumar.pl\/wp-content\/uploads\/2025\/07\/lead-mini-4-2.jpg\" class=\"attachment-full size-full\" alt=\"\" srcset=\"https:\/\/test.dawidkumar.pl\/wp-content\/uploads\/2025\/07\/lead-mini-4-2.jpg 480w, https:\/\/test.dawidkumar.pl\/wp-content\/uploads\/2025\/07\/lead-mini-4-2-300x300.jpg 300w, https:\/\/test.dawidkumar.pl\/wp-content\/uploads\/2025\/07\/lead-mini-4-2-150x150.jpg 150w\" sizes=\"(max-width: 480px) 100vw, 480px\" \/><\/a>\n\t\t\t<\/div><\/figure><figure class='gallery-item'>\n\t\t\t<div class='gallery-icon landscape'>\n\t\t\t\t<a data-elementor-open-lightbox=\"yes\" data-elementor-lightbox-slideshow=\"3cce418\" data-elementor-lightbox-title=\"sesja-10-e1687953480112 (1)\" data-e-action-hash=\"#elementor-action%3Aaction%3Dlightbox%26settings%3DeyJpZCI6OTAsInVybCI6Imh0dHBzOlwvXC90ZXN0LmRhd2lka3VtYXIucGxcL3dwLWNvbnRlbnRcL3VwbG9hZHNcLzIwMjVcLzA3XC9zZXNqYS0xMC1lMTY4Nzk1MzQ4MDExMi0xLmpwZyIsInNsaWRlc2hvdyI6IjNjY2U0MTgifQ%3D%3D\" href='https:\/\/test.dawidkumar.pl\/wp-content\/uploads\/2025\/07\/sesja-10-e1687953480112-1.jpg'><img decoding=\"async\" width=\"1304\" height=\"1122\" src=\"https:\/\/test.dawidkumar.pl\/wp-content\/uploads\/2025\/07\/sesja-10-e1687953480112-1.jpg\" class=\"attachment-full size-full\" alt=\"\" srcset=\"https:\/\/test.dawidkumar.pl\/wp-content\/uploads\/2025\/07\/sesja-10-e1687953480112-1.jpg 1304w, https:\/\/test.dawidkumar.pl\/wp-content\/uploads\/2025\/07\/sesja-10-e1687953480112-1-300x258.jpg 300w, https:\/\/test.dawidkumar.pl\/wp-content\/uploads\/2025\/07\/sesja-10-e1687953480112-1-1024x881.jpg 1024w, https:\/\/test.dawidkumar.pl\/wp-content\/uploads\/2025\/07\/sesja-10-e1687953480112-1-768x661.jpg 768w\" sizes=\"(max-width: 1304px) 100vw, 1304px\" \/><\/a>\n\t\t\t<\/div><\/figure><figure class='gallery-item'>\n\t\t\t<div class='gallery-icon landscape'>\n\t\t\t\t<a data-elementor-open-lightbox=\"yes\" data-elementor-lightbox-slideshow=\"3cce418\" data-elementor-lightbox-title=\"DSC04810-e1687954151995 (1)\" data-e-action-hash=\"#elementor-action%3Aaction%3Dlightbox%26settings%3DeyJpZCI6NzAsInVybCI6Imh0dHBzOlwvXC90ZXN0LmRhd2lka3VtYXIucGxcL3dwLWNvbnRlbnRcL3VwbG9hZHNcLzIwMjVcLzA3XC9EU0MwNDgxMC1lMTY4Nzk1NDE1MTk5NS0xLmpwZyIsInNsaWRlc2hvdyI6IjNjY2U0MTgifQ%3D%3D\" href='https:\/\/test.dawidkumar.pl\/wp-content\/uploads\/2025\/07\/DSC04810-e1687954151995-1.jpg'><img loading=\"lazy\" decoding=\"async\" width=\"1392\" height=\"977\" src=\"https:\/\/test.dawidkumar.pl\/wp-content\/uploads\/2025\/07\/DSC04810-e1687954151995-1.jpg\" class=\"attachment-full size-full\" alt=\"\" srcset=\"https:\/\/test.dawidkumar.pl\/wp-content\/uploads\/2025\/07\/DSC04810-e1687954151995-1.jpg 1392w, https:\/\/test.dawidkumar.pl\/wp-content\/uploads\/2025\/07\/DSC04810-e1687954151995-1-300x211.jpg 300w, https:\/\/test.dawidkumar.pl\/wp-content\/uploads\/2025\/07\/DSC04810-e1687954151995-1-1024x719.jpg 1024w, https:\/\/test.dawidkumar.pl\/wp-content\/uploads\/2025\/07\/DSC04810-e1687954151995-1-768x539.jpg 768w\" sizes=\"(max-width: 1392px) 100vw, 1392px\" \/><\/a>\n\t\t\t<\/div><\/figure><figure class='gallery-item'>\n\t\t\t<div class='gallery-icon landscape'>\n\t\t\t\t<a data-elementor-open-lightbox=\"yes\" data-elementor-lightbox-slideshow=\"3cce418\" data-elementor-lightbox-title=\"default-org\" data-e-action-hash=\"#elementor-action%3Aaction%3Dlightbox%26settings%3DeyJpZCI6MTc0LCJ1cmwiOiJodHRwczpcL1wvdGVzdC5kYXdpZGt1bWFyLnBsXC93cC1jb250ZW50XC91cGxvYWRzXC8yMDI1XC8wN1wvZGVmYXVsdC1vcmcuanBnIiwic2xpZGVzaG93IjoiM2NjZTQxOCJ9\" href='https:\/\/test.dawidkumar.pl\/wp-content\/uploads\/2025\/07\/default-org.jpg'><img loading=\"lazy\" decoding=\"async\" width=\"2048\" height=\"1367\" src=\"https:\/\/test.dawidkumar.pl\/wp-content\/uploads\/2025\/07\/default-org.jpg\" class=\"attachment-full size-full\" alt=\"\" srcset=\"https:\/\/test.dawidkumar.pl\/wp-content\/uploads\/2025\/07\/default-org.jpg 2048w, https:\/\/test.dawidkumar.pl\/wp-content\/uploads\/2025\/07\/default-org-300x200.jpg 300w, https:\/\/test.dawidkumar.pl\/wp-content\/uploads\/2025\/07\/default-org-1024x684.jpg 1024w, https:\/\/test.dawidkumar.pl\/wp-content\/uploads\/2025\/07\/default-org-768x513.jpg 768w, https:\/\/test.dawidkumar.pl\/wp-content\/uploads\/2025\/07\/default-org-1536x1025.jpg 1536w\" sizes=\"(max-width: 2048px) 100vw, 2048px\" \/><\/a>\n\t\t\t<\/div><\/figure><figure class='gallery-item'>\n\t\t\t<div class='gallery-icon landscape'>\n\t\t\t\t<a data-elementor-open-lightbox=\"yes\" data-elementor-lightbox-slideshow=\"3cce418\" data-elementor-lightbox-title=\"DSC09548-1\" data-e-action-hash=\"#elementor-action%3Aaction%3Dlightbox%26settings%3DeyJpZCI6MTUwLCJ1cmwiOiJodHRwczpcL1wvdGVzdC5kYXdpZGt1bWFyLnBsXC93cC1jb250ZW50XC91cGxvYWRzXC8yMDI1XC8wN1wvRFNDMDk1NDgtMS5qcGciLCJzbGlkZXNob3ciOiIzY2NlNDE4In0%3D\" href='https:\/\/test.dawidkumar.pl\/wp-content\/uploads\/2025\/07\/DSC09548-1.jpg'><img loading=\"lazy\" decoding=\"async\" width=\"1000\" height=\"1000\" src=\"https:\/\/test.dawidkumar.pl\/wp-content\/uploads\/2025\/07\/DSC09548-1.jpg\" class=\"attachment-full size-full\" alt=\"\" srcset=\"https:\/\/test.dawidkumar.pl\/wp-content\/uploads\/2025\/07\/DSC09548-1.jpg 1000w, https:\/\/test.dawidkumar.pl\/wp-content\/uploads\/2025\/07\/DSC09548-1-300x300.jpg 300w, https:\/\/test.dawidkumar.pl\/wp-content\/uploads\/2025\/07\/DSC09548-1-150x150.jpg 150w, https:\/\/test.dawidkumar.pl\/wp-content\/uploads\/2025\/07\/DSC09548-1-768x768.jpg 768w\" sizes=\"(max-width: 1000px) 100vw, 1000px\" \/><\/a>\n\t\t\t<\/div><\/figure><figure class='gallery-item'>\n\t\t\t<div class='gallery-icon landscape'>\n\t\t\t\t<a data-elementor-open-lightbox=\"yes\" data-elementor-lightbox-slideshow=\"3cce418\" data-elementor-lightbox-title=\"330386466_1271462183406046_5772445179422825211_n\" data-e-action-hash=\"#elementor-action%3Aaction%3Dlightbox%26settings%3DeyJpZCI6NzEsInVybCI6Imh0dHBzOlwvXC90ZXN0LmRhd2lka3VtYXIucGxcL3dwLWNvbnRlbnRcL3VwbG9hZHNcLzIwMjVcLzA3XC8zMzAzODY0NjZfMTI3MTQ2MjE4MzQwNjA0Nl81NzcyNDQ1MTc5NDIyODI1MjExX24uanBnIiwic2xpZGVzaG93IjoiM2NjZTQxOCJ9\" href='https:\/\/test.dawidkumar.pl\/wp-content\/uploads\/2025\/07\/330386466_1271462183406046_5772445179422825211_n.jpg'><img loading=\"lazy\" decoding=\"async\" width=\"2048\" height=\"1365\" src=\"https:\/\/test.dawidkumar.pl\/wp-content\/uploads\/2025\/07\/330386466_1271462183406046_5772445179422825211_n.jpg\" class=\"attachment-full size-full\" alt=\"\" srcset=\"https:\/\/test.dawidkumar.pl\/wp-content\/uploads\/2025\/07\/330386466_1271462183406046_5772445179422825211_n.jpg 2048w, https:\/\/test.dawidkumar.pl\/wp-content\/uploads\/2025\/07\/330386466_1271462183406046_5772445179422825211_n-300x200.jpg 300w, https:\/\/test.dawidkumar.pl\/wp-content\/uploads\/2025\/07\/330386466_1271462183406046_5772445179422825211_n-1024x683.jpg 1024w, https:\/\/test.dawidkumar.pl\/wp-content\/uploads\/2025\/07\/330386466_1271462183406046_5772445179422825211_n-768x512.jpg 768w, https:\/\/test.dawidkumar.pl\/wp-content\/uploads\/2025\/07\/330386466_1271462183406046_5772445179422825211_n-1536x1024.jpg 1536w\" sizes=\"(max-width: 2048px) 100vw, 2048px\" \/><\/a>\n\t\t\t<\/div><\/figure><figure class='gallery-item'>\n\t\t\t<div class='gallery-icon landscape'>\n\t\t\t\t<a data-elementor-open-lightbox=\"yes\" data-elementor-lightbox-slideshow=\"3cce418\" data-elementor-lightbox-title=\"TP_09326-1024x682\" data-e-action-hash=\"#elementor-action%3Aaction%3Dlightbox%26settings%3DeyJpZCI6MTk4LCJ1cmwiOiJodHRwczpcL1wvdGVzdC5kYXdpZGt1bWFyLnBsXC93cC1jb250ZW50XC91cGxvYWRzXC8yMDI1XC8wN1wvVFBfMDkzMjYtMTAyNHg2ODItMS5qcGciLCJzbGlkZXNob3ciOiIzY2NlNDE4In0%3D\" href='https:\/\/test.dawidkumar.pl\/wp-content\/uploads\/2025\/07\/TP_09326-1024x682-1.jpg'><img loading=\"lazy\" decoding=\"async\" width=\"1024\" height=\"682\" src=\"https:\/\/test.dawidkumar.pl\/wp-content\/uploads\/2025\/07\/TP_09326-1024x682-1.jpg\" class=\"attachment-full size-full\" alt=\"\" srcset=\"https:\/\/test.dawidkumar.pl\/wp-content\/uploads\/2025\/07\/TP_09326-1024x682-1.jpg 1024w, https:\/\/test.dawidkumar.pl\/wp-content\/uploads\/2025\/07\/TP_09326-1024x682-1-300x200.jpg 300w, https:\/\/test.dawidkumar.pl\/wp-content\/uploads\/2025\/07\/TP_09326-1024x682-1-768x512.jpg 768w\" sizes=\"(max-width: 1024px) 100vw, 1024px\" \/><\/a>\n\t\t\t<\/div><\/figure><figure class='gallery-item'>\n\t\t\t<div class='gallery-icon portrait'>\n\t\t\t\t<a data-elementor-open-lightbox=\"yes\" data-elementor-lightbox-slideshow=\"3cce418\" data-elementor-lightbox-title=\"DSC04185-scaled\" data-e-action-hash=\"#elementor-action%3Aaction%3Dlightbox%26settings%3DeyJpZCI6ODksInVybCI6Imh0dHBzOlwvXC90ZXN0LmRhd2lka3VtYXIucGxcL3dwLWNvbnRlbnRcL3VwbG9hZHNcLzIwMjVcLzA3XC9EU0MwNDE4NS1zY2FsZWQtMS5qcGciLCJzbGlkZXNob3ciOiIzY2NlNDE4In0%3D\" href='https:\/\/test.dawidkumar.pl\/wp-content\/uploads\/2025\/07\/DSC04185-scaled-1.jpg'><img loading=\"lazy\" decoding=\"async\" width=\"2090\" height=\"2560\" src=\"https:\/\/test.dawidkumar.pl\/wp-content\/uploads\/2025\/07\/DSC04185-scaled-1.jpg\" class=\"attachment-full size-full\" alt=\"\" srcset=\"https:\/\/test.dawidkumar.pl\/wp-content\/uploads\/2025\/07\/DSC04185-scaled-1.jpg 2090w, https:\/\/test.dawidkumar.pl\/wp-content\/uploads\/2025\/07\/DSC04185-scaled-1-245x300.jpg 245w, https:\/\/test.dawidkumar.pl\/wp-content\/uploads\/2025\/07\/DSC04185-scaled-1-836x1024.jpg 836w, https:\/\/test.dawidkumar.pl\/wp-content\/uploads\/2025\/07\/DSC04185-scaled-1-768x941.jpg 768w, https:\/\/test.dawidkumar.pl\/wp-content\/uploads\/2025\/07\/DSC04185-scaled-1-1254x1536.jpg 1254w, https:\/\/test.dawidkumar.pl\/wp-content\/uploads\/2025\/07\/DSC04185-scaled-1-1672x2048.jpg 1672w\" sizes=\"(max-width: 2090px) 100vw, 2090px\" \/><\/a>\n\t\t\t<\/div><\/figure><figure class='gallery-item'>\n\t\t\t<div class='gallery-icon landscape'>\n\t\t\t\t<a data-elementor-open-lightbox=\"yes\" data-elementor-lightbox-slideshow=\"3cce418\" data-elementor-lightbox-title=\"lead-mini-4-1\" data-e-action-hash=\"#elementor-action%3Aaction%3Dlightbox%26settings%3DeyJpZCI6MTEwLCJ1cmwiOiJodHRwczpcL1wvdGVzdC5kYXdpZGt1bWFyLnBsXC93cC1jb250ZW50XC91cGxvYWRzXC8yMDI1XC8wN1wvbGVhZC1taW5pLTQtMS5qcGciLCJzbGlkZXNob3ciOiIzY2NlNDE4In0%3D\" href='https:\/\/test.dawidkumar.pl\/wp-content\/uploads\/2025\/07\/lead-mini-4-1.jpg'><img loading=\"lazy\" decoding=\"async\" width=\"480\" height=\"480\" src=\"https:\/\/test.dawidkumar.pl\/wp-content\/uploads\/2025\/07\/lead-mini-4-1.jpg\" class=\"attachment-full size-full\" alt=\"\" srcset=\"https:\/\/test.dawidkumar.pl\/wp-content\/uploads\/2025\/07\/lead-mini-4-1.jpg 480w, https:\/\/test.dawidkumar.pl\/wp-content\/uploads\/2025\/07\/lead-mini-4-1-300x300.jpg 300w, https:\/\/test.dawidkumar.pl\/wp-content\/uploads\/2025\/07\/lead-mini-4-1-150x150.jpg 150w\" sizes=\"(max-width: 480px) 100vw, 480px\" \/><\/a>\n\t\t\t<\/div><\/figure><figure class='gallery-item'>\n\t\t\t<div class='gallery-icon landscape'>\n\t\t\t\t<a data-elementor-open-lightbox=\"yes\" data-elementor-lightbox-slideshow=\"3cce418\" data-elementor-lightbox-title=\"tomasz-piekorz-fotograf-slubny (1)\" data-e-action-hash=\"#elementor-action%3Aaction%3Dlightbox%26settings%3DeyJpZCI6MTg5LCJ1cmwiOiJodHRwczpcL1wvdGVzdC5kYXdpZGt1bWFyLnBsXC93cC1jb250ZW50XC91cGxvYWRzXC8yMDI1XC8wN1wvdG9tYXN6LXBpZWtvcnotZm90b2dyYWYtc2x1Ym55LTEuanBnIiwic2xpZGVzaG93IjoiM2NjZTQxOCJ9\" href='https:\/\/test.dawidkumar.pl\/wp-content\/uploads\/2025\/07\/tomasz-piekorz-fotograf-slubny-1.jpg'><img loading=\"lazy\" decoding=\"async\" width=\"1280\" height=\"720\" src=\"https:\/\/test.dawidkumar.pl\/wp-content\/uploads\/2025\/07\/tomasz-piekorz-fotograf-slubny-1.jpg\" class=\"attachment-full size-full\" alt=\"\" srcset=\"https:\/\/test.dawidkumar.pl\/wp-content\/uploads\/2025\/07\/tomasz-piekorz-fotograf-slubny-1.jpg 1280w, https:\/\/test.dawidkumar.pl\/wp-content\/uploads\/2025\/07\/tomasz-piekorz-fotograf-slubny-1-300x169.jpg 300w, https:\/\/test.dawidkumar.pl\/wp-content\/uploads\/2025\/07\/tomasz-piekorz-fotograf-slubny-1-1024x576.jpg 1024w, https:\/\/test.dawidkumar.pl\/wp-content\/uploads\/2025\/07\/tomasz-piekorz-fotograf-slubny-1-768x432.jpg 768w\" sizes=\"(max-width: 1280px) 100vw, 1280px\" \/><\/a>\n\t\t\t<\/div><\/figure>\n\t\t<\/div>\n\t\t<\/div>\n\t\t\t\t\t\t<\/div>\n\t\t\t\t\t<\/div>\n\t\t\t\t<\/div>\n\t\t\t\t<\/div>\n\t\t","protected":false},"excerpt":{"rendered":"<p>Galeria Zobacz Galerie Realizacji Je\u015bli szukasz wyj\u0105tkowych i naturalnych zdj\u0119\u0107 \u015blubnych, to jeste\u015b we w\u0142a\u015bciwym miejscu. Zapraszam do zapoznania si\u0119 [&hellip;]<\/p>\n","protected":false},"author":1,"featured_media":0,"parent":0,"menu_order":0,"comment_status":"closed","ping_status":"closed","template":"","meta":{"site-sidebar-layout":"no-sidebar","site-content-layout":"","ast-site-content-layout":"full-width-container","site-content-style":"default","site-sidebar-style":"default","ast-global-header-display":"","ast-banner-title-visibility":"","ast-main-header-display":"","ast-hfb-above-header-display":"","ast-hfb-below-header-display":"","ast-hfb-mobile-header-display":"","site-post-title":"disabled","ast-breadcrumbs-content":"","ast-featured-img":"disabled","footer-sml-layout":"","theme-transparent-header-meta":"","adv-header-id-meta":"","stick-header-meta":"","header-above-stick-meta":"","header-main-stick-meta":"","header-below-stick-meta":"","astra-migrate-meta-layouts":"default","ast-page-background-enabled":"default","ast-page-background-meta":{"desktop":{"background-color":"var(--ast-global-color-5)","background-image":"","background-repeat":"repeat","background-position":"center center","background-size":"auto","background-attachment":"scroll","background-type":"","background-media":"","overlay-type":"","overlay-color":"","overlay-opacity":"","overlay-gradient":""},"tablet":{"background-color":"","background-image":"","background-repeat":"repeat","background-position":"center center","background-size":"auto","background-attachment":"scroll","background-type":"","background-media":"","overlay-type":"","overlay-color":"","overlay-opacity":"","overlay-gradient":""},"mobile":{"background-color":"","background-image":"","background-repeat":"repeat","background-position":"center center","background-size":"auto","background-attachment":"scroll","background-type":"","background-media":"","overlay-type":"","overlay-color":"","overlay-opacity":"","overlay-gradient":""}},"ast-content-background-meta":{"desktop":{"background-color":"var(--ast-global-color-4)","background-image":"","background-repeat":"repeat","background-position":"center center","background-size":"auto","background-attachment":"scroll","background-type":"","background-media":"","overlay-type":"","overlay-color":"","overlay-opacity":"","overlay-gradient":""},"tablet":{"background-color":"var(--ast-global-color-4)","background-image":"","background-repeat":"repeat","background-position":"center center","background-size":"auto","background-attachment":"scroll","background-type":"","background-media":"","overlay-type":"","overlay-color":"","overlay-opacity":"","overlay-gradient":""},"mobile":{"background-color":"var(--ast-global-color-4)","background-image":"","background-repeat":"repeat","background-position":"center center","background-size":"auto","background-attachment":"scroll","background-type":"","background-media":"","overlay-type":"","overlay-color":"","overlay-opacity":"","overlay-gradient":""}},"footnotes":""},"class_list":["post-215","page","type-page","status-publish","hentry"],"_links":{"self":[{"href":"https:\/\/test.dawidkumar.pl\/index.php?rest_route=\/wp\/v2\/pages\/215","targetHints":{"allow":["GET"]}}],"collection":[{"href":"https:\/\/test.dawidkumar.pl\/index.php?rest_route=\/wp\/v2\/pages"}],"about":[{"href":"https:\/\/test.dawidkumar.pl\/index.php?rest_route=\/wp\/v2\/types\/page"}],"author":[{"embeddable":true,"href":"https:\/\/test.dawidkumar.pl\/index.php?rest_route=\/wp\/v2\/users\/1"}],"replies":[{"embeddable":true,"href":"https:\/\/test.dawidkumar.pl\/index.php?rest_route=%2Fwp%2Fv2%2Fcomments&post=215"}],"version-history":[{"count":0,"href":"https:\/\/test.dawidkumar.pl\/index.php?rest_route=\/wp\/v2\/pages\/215\/revisions"}],"wp:attachment":[{"href":"https:\/\/test.dawidkumar.pl\/index.php?rest_route=%2Fwp%2Fv2%2Fmedia&parent=215"}],"curies":[{"name":"wp","href":"https:\/\/api.w.org\/{rel}","templated":true}]}}